{"id":526,"date":"0001-01-01T00:53:28","date_gmt":"0001-01-01T00:00:00","guid":{"rendered":"https:\/\/bartel.legal\/ueber-uns\/"},"modified":"2026-01-26T17:32:40","modified_gmt":"2026-01-26T16:32:40","slug":"ueber-uns","status":"publish","type":"page","link":"https:\/\/bartel.legal\/en\/ueber-uns\/","title":{"rendered":"About Us"},"content":{"rendered":"","protected":false},"excerpt":{"rendered":"","protected":false},"author":1,"featured_media":387,"parent":0,"menu_order":0,"comment_status":"closed","ping_status":"closed","template":"","meta":{"_acf_changed":false,"inline_featured_image":false,"footnotes":""},"class_list":["post-526","page","type-page","status-publish","has-post-thumbnail","hentry"],"acf":{"header_address.Content":"","header_opening_hours.Content":"","header_phone_number.Content":"","0001_website_meta.site_logo.Id":369,"0001_website_meta.site_logo_inverted.Id":null,"type_entity.Value":"","parent_entity.Value":"","001_page_meta.content_image_1.Id":null,"001_page_meta.content_image_2.Id":null,"001_page_meta.content_image_3.Id":null,"001_page_meta.featured_image.Id":388,"001_page_meta.featured_image_mobile.Id":387,"multi_language_maps_enabled.Value":"false","galleries_enabled.Value":"true","child_entity.Value":"","001_page_meta.page_image1.Id":11,"001_page_meta.page_image2.Id":11,"001_page_meta.page_image3.Id":11,"001_page_meta.page_image4.Id":11,"001_page_meta.page_image5.Id":11,"001_page_meta.page_image6.Id":11,"001_page_meta.page_image7.Id":11,"001_page_meta.page_image8.Id":11,"001_page_meta.page_image9.Id":11,"001_page_meta.page_image10.Id":11,"top_heading_hero.Content":"<div>Bartel Legal - Starke Marken ben\u00f6tigen einen zuverl\u00e4ssigen Schutz. Wir stehen Ihnen zur Seite<\/div>","main_heading_hero.Content":"\u00dcber uns ","sub_heading_hero.Content":"Ihre Marke, unser Fachwissen: Markenrechtliche Beratung f\u00fcr Ihren Erfolg.","main_heading_hero_cta.Attribute":"Kontakt","main_heading_hero_cta.Value":"\/kontakt","hero_gallery_enabled.Value":"false","hero_content_form.Value":"","hero_content_form_benefit3.Content":"","hero_content_form_benefit1.Content":"","hero_content_form_benefit2.Content":"","02_hero_content.hero_image1.Id":null,"02_hero_content.hero_image2.Id":null,"02_hero_content.hero_image3.Id":null,"02_hero_content.hero_image4.Id":null,"02_hero_content.hero_image5.Id":null,"02_hero_content.hero_image6.Id":null,"02_hero_content.hero_image7.Id":null,"02_hero_content.hero_image8.Id":null,"heading_hero_slider.Content":"","heading_hero_benefit1.Content":"","heading_hero_benefit2.Content":"","heading_hero_benefit3.Content":"","02_hero_content.image_hero_content1.Id":null,"02_hero_content.image_hero_content2.Id":null,"02_hero_content.image_hero_content3.Id":null,"heading_contact_form.Content":"","calendly_url.Attribute":"","calendly_url.Value":"","contact_maps_enabled.Value":"","contact_image_enabled.Value":"","calendly_enabled.Value":"false","e-mail.Attribute":"","e-mail.Value":"","telephone.Value":"","subheading_contact_form.Content":"","map.Value":"","opening_hours.Content":"","contact_address.Content":"","contact_form.Value":"","contact_area_contact_form_button_text.Content":"","contact_area_contact_form_mail_text.Content":"","contact_area_contact_form_message_text.Content":"","contact_area_contact_form_name_text.Content":"","contact_area_contact_form_phone_text.Content":"","online_form_name.Content":"","online_form_source.Value":"","testimonial2_text.Content":"","social_proof_disclaimer.Content":"","social_proof_enabled.Value":"true","google_places_review_url.Value":"","subheading_social_proof.Content":"","google_places_review_url2.Value":"","google_places_reviews_enabled.Value":"","google_places_reviews_enabled2.Value":"","google_places_enabled.Value":"","anwalt_de_enabled.Value":"","anwalt_de_widgetcode.Value":"","custom_reviews_enabled.Value":"","testimonial3_customer.Content":"","testimonial3_text.Content":"","testimonial2_customer.Content":"","testimonial1_text.Content":"","testimonial1_customer.Content":"","google_places_id.Value":"","google_places_id2.Value":"","heading_social_proof.Content":"","04_social_proof.social_proof_background_image.Id":null,"04_social_proof.google_places_review_image.Id":null,"04_social_proof.testimonial3_image.Id":null,"04_social_proof.testimonial2_image.Id":null,"04_social_proof.testimonial1_image.Id":null,"benefit_3_icon.Id":"","benefit_3_widgetcode.Content":"","benefit_2_widgetcode.Content":"","benefit_1_widgetcode.Content":"","benefit_1_heading.Content":"","benefit_1_icon.Id":"","benefit_2_icon.Id":"","benefit_2_heading.Content":"","benefit_2_text.Content":"","benefit_1_text.Content":"","benefit_3_heading.Content":"","benefit_3_text.Content":"","benefit_heading.Content":"","benefit_heading_enabled.value":"false","05a_benefit_area_enabled.Value":"true","05a_benefit_area.benefit_1_image.Id":null,"05a_benefit_area.benefit_2_image.Id":null,"05a_benefit_area.benefit_3_image.Id":null,"intro_heading.Content":"Willkommen bei Bartel Legal, Ihrer spezialisierten Kanzlei f\u00fcr Markenrecht.\n","intro_text.Content":"<div>\n<p><span>Unsere Fokussierung auf das Thema Markenrecht macht uns zu Experten auf diesem Gebiet. Rechtsanw\u00e4ltin Ursula Bartel steht pers\u00f6nlich f\u00fcr die direkte Betreuung unserer Mandanten in allen Belangen des Markenrechts zur Verf\u00fcgung. Ein leistungsstarkes Team und ein internationales Netzwerk renommierter Markenanw\u00e4lte unterst\u00fctzen sie dabei. Unser Standort im Chiemgau nahe Rosenheim, genauer gesagt im malerischen Bernau a. Chiemsee, erm\u00f6glicht es uns, Mandanten sowohl national als auch international zu beraten. Selbstverst\u00e4ndlich liegt uns besonders die Region rund um den Chiemsee und das Gebiet in und um Rosenheim am Herzen. Vertrauen Sie auf unsere Erfahrung und Hingabe f\u00fcr eine umfassende Markenrechtsberatung.<\/span><\/p>\n<p><span>Wir freuen uns sehr dar\u00fcber, regelm\u00e4\u00dfig in internationalen\u00a0<\/span><a rel=\"noopener\" href=\"https:\/\/www.leadersleague.com\/de\/firm\/bartel-legal\/rankings\" target=\"_blank\">Rankings<\/a><span>\u00a0erw\u00e4hnt und f\u00fcr den Bereich Markenrecht in Deutschland empfohlen zu werden \u2013 und das seit 2019 bis heute.<\/span><\/p>\n<\/div>","intro_gallery_enabled.Value":"false","05a_content_intro_enabled.Value":"true","overview_heading.Content":"","overview_text.Content":"","overview_cta_lead_in.Content":"","overview_cta.Attribute":"","overview_cta.Value":"","05b_content_overview_enabled.Value":"true","detail_cta_opt6.Attribute":"NO_SHOW","detail_text_opt4.Content":"NO_SHOW","05c_content_detail.image_staff_1.Id":374,"05c_content_detail.image_staff_2.Id":377,"05c_content_detail.image_staff_3.Id":null,"05c_content_detail.image_staff_4.Id":null,"05c_content_detail.image_staff_5.Id":null,"05c_content_detail.image_staff_6.Id":null,"05c_content_detail.image_person_slider1.Id":null,"05c_content_detail.image_office.Id":376,"detail_cta_lead_in_opt6.Content":"NO_SHOW","05c_content_detail.image_person_slider4.Id":null,"05c_content_detail.image_person.Id":null,"05c_content_detail.image_person_slider2.Id":null,"05c_content_detail.image_person_slider3.Id":null,"05c_content_detail.image_product5.Id":null,"detail_text_opt2.Content":"<div>\n<p>Ivonne Becker begleitet Bartel Legal seit 2019 und empf\u00e4ngt unsere Mandanten am Telefon. Sie koordiniert Termine, holt bei den Marken\u00e4mtern und den Gerichten Informationen ein und k\u00fcmmert sich um weitere administrative Themen unserer Kanzlei. Frau Becker ist seit vielen Jahren f\u00fcr Kanzleien im Back-Office t\u00e4tig und wird von unseren Mandanten f\u00fcr ihre freundliche Art sehr gesch\u00e4tzt.<\/p>\n<p><span class=\"theming-theme-accent1\"><em>\u201eIch mag den wertsch\u00e4tzenden Umgang miteinander. Er ist die fruchtbare Grundlage f\u00fcr eine offene, transparente und vor allem erfolgreiche Zusammenarbeit, die uns dann allen Freude macht.\u201c<\/em><\/span><\/p>\n<\/div>","detail_call_to_action_enabled.Value":"false","detail_slider_enabled.Value":"false","detail_heading.Content":"Rechtsanw\u00e4ltin Ursula Bartel","detail_text.Content":"<p>Seit 2011 ber\u00e4t Ursula Bartel als Rechtsanw\u00e4ltin Unternehmen im Markenrecht. Vor der Gr\u00fcndung der Kanzlei \u201eBartel Legal\u201c im Jahr 2016 war sie viereinhalb Jahre bei der f\u00fcr Markenrecht international renommierten Kanzlei Bird &amp; Bird t\u00e4tig. Sie ist Lehrbeauftragte an der FOM (Hochschule f\u00fcr \u00d6konomie und Management) im Bereich \u201eIntellectual Property und Markenrecht\u201c und engagiert sich als Mentorin, beispielsweise bei dem internationalen Accelerator \u201eTechstars\u201c.<\/p>\n<p><br><em>\u201eMarkenrecht ist kreativ. Hier geht es nicht um schn\u00f6de Gesetzeslekt\u00fcre, sondern um Erfahrung, Strategie und kluge Argumente. Jeder Fall ist anders und bietet neue Herausforderungen. Mir bereitet es die gr\u00f6\u00dfte Freude, f\u00fcr deren L\u00f6sung Puzzleteile zu finden und zusammenzuf\u00fcgen.\u201c\u00a0<\/em><\/p>","detail_cta_lead_in.Content":"","detail_cta.Attribute":"Kontakt","detail_cta.Value":"\/kontakt","detail_heading_opt1.Content":"Alexandra Steinbauer","detail_text_opt1.Content":"<div>\n<p>Alexandra Steinbauer ist Betriebswirtin und unterst\u00fctzt seit 2020 unsere Kanzlei. Sie verwaltet die Marken unserer Mandanten, koordiniert die \u00dcberwachungen und optimiert s\u00e4mtliche internen Prozesse f\u00fcr eine m\u00f6glichst effiziente Zusammenarbeit von Kanzlei und Mandanten. Vor ihrem Einstieg war sie bei IT-Unternehmen t\u00e4tig und bereichert unser Team durch ihr gro\u00dfes Know-how im Bereich digitaler L\u00f6sungen.<\/p>\n<p><span class=\"theming-theme-accent1\"><em>\u201eMir macht vor allem die enge und sehr gute Zusammenarbeit im Team viel Spa\u00df. Die professionelle Betreuung unserer Mandanten steht dabei stets an erster Stelle.\u201c<\/em><\/span><\/p>\n<\/div>","detail_cta_lead_in_opt1.Content":"NO_SHOW","detail_cta_opt1.Attribute":"NO_SHOW","detail_cta_opt1.Value":"NO_SHOW","detail_heading_opt2.Content":"Ivonne Becker\n\n","05c_content_detail_enabled.Value":"true","detail_cta_lead_in_opt2.Content":"NO_SHOW","detail_cta_opt2.Attribute":"NO_SHOW","detail_cta_opt2.Value":"NO_SHOW","detail_heading_opt3.Content":"NO_SHOW","detail_text_opt3.Content":"NO_SHOW","detail_cta_lead_in_opt3.Content":"NO_SHOW","05c_content_detail.image_product1.Id":null,"detail_cta_opt3.Attribute":"NO_SHOW","05c_content_detail.image_product2.Id":null,"detail_cta_opt3.Value":"NO_SHOW","05c_content_detail.image_product3.Id":null,"detail_heading_opt4.Content":"NO_SHOW","05c_content_detail.image_product4.Id":null,"detail_cta_opt6.Value":"NO_SHOW","detail_cta_lead_in_opt4.Content":"NO_SHOW","detail_cta_opt4.Attribute":"NO_SHOW","05c_content_detail.image_product6.Id":null,"05c_content_detail.image_product7.Id":null,"detail_cta_opt4.Value":"NO_SHOW","05c_content_detail.image_product8.Id":null,"05c_content_detail.image_product9.Id":null,"detail_heading_opt5.Content":"NO_SHOW","detail_text_opt5.Content":"NO_SHOW","detail_cta_lead_in_opt5.Content":"NO_SHOW","detail_cta_opt5.Attribute":"NO_SHOW","detail_cta_opt5.Value":"NO_SHOW","detail_heading_opt6.Content":"NO_SHOW","detail_text_opt6.Content":"NO_SHOW","competence_heading.Content":"","competence_text.Content":"","competence_cta_lead_in.Content":"","competence_cta.Attribute":"","competence_cta.Value":"","05d_content_competence_enabled.Value":"true","05d_content_competence.competence_image1.Id":null,"05d_content_competence.competence_image2.Id":null,"services_heading.Content":"","services_text.Content":"","services_cta_lead_in.Content":"","services_cta.Attribute":"","services_cta.Value":"","05e_content_services_enabled.Value":"true","answer10.Content":"","05f_questions_and_answers_enabled.Value":"true","answer2.Content":"","answer1.Content":"","answer9.Content":"","answer8.Content":"","answer7.Content":"","answer6.Content":"","answer5.Content":"","answer4.Content":"","answer3.Content":"","faq_heading.Content":"","question1.Content":"","question10.Content":"","question9.Content":"","question8.Content":"","question7.Content":"","question6.Content":"","question5.Content":"","question4.Content":"","question3.Content":"","question2.Content":"","seoarea1heading.Content":"","seoarea1text.Content":"","seoarea2heading.Content":"","seoarea2text.Content":"","seoarea3heading.Content":"","seoarea3text.Content":"","seoarea4heading.Content":"","seoarea4text.Content":"","05g_seoarea_enabled.Value":"true","06_gallery_related1.gallery_related.TypeEntityName":"","06_gallery_related1.gallery_related.SubHeading":"","06_gallery_related1.gallery_related.Heading":"","06_gallery_related1.background_image.Id":367,"06_gallery_related1.gallery_related.ButtonCtaText":"","06_gallery_related1.gallery_related.ButtonCtaUrl":"","gallery_related1_filterable_tabs_enabled.Value":"false","06_gallery_related1_enabled.Value":"false","06_gallery_related2.gallery_related.TypeEntityName":"","06_gallery_related2.gallery_related.SubHeading":"","06_gallery_related2.gallery_related.Heading":"","06_gallery_related2.background_image.Id":367,"06_gallery_related2.gallery_related.ButtonCtaText":"","06_gallery_related2.gallery_related.ButtonCtaUrl":"","06_gallery_related2_enabled.Value":"false","06_gallery_related3.gallery_related.TypeEntityName":"","06_gallery_related3.gallery_related.SubHeading":"","06_gallery_related3.background_image.Id":null,"06_gallery_related3.gallery_related.ButtonCtaText":"","06_gallery_related3.gallery_related.ButtonCtaUrl":"","06_gallery_related3.gallery_related.Heading":"","06_gallery_related3_enabled.Value":"true","06_gallery_related4.gallery_related.EnityId":"","06_gallery_related4.gallery_related.SubHeading":"","06_gallery_related4.gallery_related.Heading":"","06_gallery_related4.background_image.Id":null,"06_gallery_related4.gallery_related.ButtonCtaText":"","06_gallery_related4.gallery_related.ButtonCtaUrl":"","06_gallery_related4_enabled.Value":"","06_gallery_related5.gallery_related.EnityId":"","06_gallery_related5.gallery_related.SubHeading":"","06_gallery_related5.gallery_related.Heading":"","06_gallery_related5.background_image.Id":null,"06_gallery_related5.gallery_related.ButtonCtaText":"","06_gallery_related5.gallery_related.ButtonCtaUrl":"","06_gallery_related5_enabled.Value":"","instagram_feed.Content":"","toc_heading.Content":"true","heading_call_to_action.Content":"","subheading_call_to_action.Content":"","cta_call_to_action.Attribute":"","cta_call_to_action.Value":"cta_call_to_action.Value","call_to_action_video_enabled.Value":"","video_call_to_action_youtube_url.Value":"","video_call_to_action_youtube_url2.Value":"","06a_home_call_to_action.image_call_to_action.Id":null,"06a_home_call_to_action_enabled.Value":"true","benefit1_call_to_action.Content":"true","benefit2_call_to_action.Content":"true","benefit3_call_to_action.Content":"true","benefit4_call_to_action.Content":"true","07_footer.background_image.Id":11,"07_footer.fachanwalt_de_logo.Id":371,"07_footer.juraforum_de_logo.Id":373,"07_footer.experten_branchenbuch_de_logo.Id":372,"footer_opening_hours_heading.Content":"<div>\u00d6ffnungszeiten<\/div>","footer_contact_form_mailto.Value":"u.bartel@bartel.legal ","footer_contact_form_subject.Content":"Nachricht von der Webseite bartel.legal","footer_contact_form_bcc.Value":"","footer_contact_form.Value":"1","footer_contact_form_posturl.Value":"https:\/\/eomsyd75moq1mt3.m.pipedream.net","experten_branchenbuch_de_url.Value":"","juraforum_de_url.Value":"","fachanwalt_de_url.Value":"","06_gallery_footer3.gallery_related.TypeEntityName":"rechtsanwaelte","footer_contact_form_from_email.Value":"marketing@ommatic.de","06_gallery_footer3.gallery_related.Heading":"Rechtsanw\u00e4ltin","06_gallery_footer2.gallery_related.Heading":"Dienstleistungen","footer_address_heading.Content":"<div>Adresse<\/div>","emergency_number_heading.Content":"<div>Gerne f\u00fcr Sie erreichbar<\/div>","emergency_number.Attribute":"+49 8052 6779973","emergency_number.Value":"tel:+4980526779973","facebook.Value":"","facebook_enabled.Value":"","einbock_eintraege_enabled.Value":"false","instagram_url.Attribute":"instagram_url","instagram_url.Value":"","footer_e-mail.Value":"mailto:u.bartel@bartel.legal ","footer_calendly_url.Value":"","footer_contact_form_from_email.Attribute":"OMmatic","linkedin.Value":"https:\/\/www.linkedin.com\/company\/bartel-legal\/","linkedin_enabled.Value":"true","instagram_enabled.Value":"","whatsapp_enabled.Value":"","whatsapp_number.Value":"https:\/\/wa.me\/","06_gallery_footer1.gallery_related.TypeEntityName":"rechtsgebiete","06_gallery_footer1.gallery_related.Heading":"Rechtsgebiete","06_gallery_footer2.gallery_related.TypeEntityName":"dienstleistungen","footer_subheading_contact_form.Content":"Ihre Kanzlei Bartel Legal.","footer_contact_address.Content":"<div>Kampenwandstra\u00dfe 90<br>83229 Aschau<\/div>","footer_e-mail.Attribute":"u.bartel@bartel.legal ","footer_telephone.Attribute":"+49 8052 6779973","footer_telephone.Value":"tel:+4980526779973","footer_opening_hours.Content":"Mo \u2013 Fr 08:30 \u2013 18:00","footer_contact_form_enabled.Value":"true","footer_heading_contact_form.Content":"<div>Kontakt<\/div>","footer_contact_form_name_text.Content":"Ihr Name","footer_contact_form_message_text.Content":"Ihre Nachricht","footer_contact_form_mail_text.Content":"ihre@email.com","footer_contact_form_heading.Content":"<div>Kontakt<\/div>","footer_contact_form_button_text.Content":"Absenden","footer_contact_form_phone_text.Content":"Telefonnummer","tb-uid":"6210"},"aioseo_notices":[],"aioseo_head":"\n\t\t<!-- All in One SEO Pro 4.9.6.2 - aioseo.com -->\n\t<meta name=\"robots\" content=\"max-image-preview:large\" \/>\n\t<link rel=\"canonical\" href=\"https:\/\/bartel.legal\/en\/ueber-uns\/\" \/>\n\t<meta name=\"generator\" content=\"All in One SEO Pro (AIOSEO) 4.9.6.2\" \/>\n\t\t<meta property=\"og:locale\" content=\"en_US\" \/>\n\t\t<meta property=\"og:site_name\" content=\"Bartel Legal -\" \/>\n\t\t<meta property=\"og:type\" content=\"article\" \/>\n\t\t<meta property=\"og:title\" content=\"\u00dcber uns - Bartel Legal\" \/>\n\t\t<meta property=\"og:url\" content=\"https:\/\/bartel.legal\/en\/ueber-uns\/\" \/>\n\t\t<meta property=\"og:image\" content=\"https:\/\/bartel.legal\/wp-content\/uploads\/2025\/02\/Bartel-Logo.png\" \/>\n\t\t<meta property=\"og:image:secure_url\" content=\"https:\/\/bartel.legal\/wp-content\/uploads\/2025\/02\/Bartel-Logo.png\" \/>\n\t\t<meta property=\"og:image:width\" content=\"160\" \/>\n\t\t<meta property=\"og:image:height\" content=\"210\" \/>\n\t\t<meta property=\"article:published_time\" content=\"0001-01-01T00:00:00+00:00\" \/>\n\t\t<meta property=\"article:modified_time\" content=\"2026-01-26T16:32:40+00:00\" \/>\n\t\t<meta name=\"twitter:card\" content=\"summary_large_image\" \/>\n\t\t<meta name=\"twitter:title\" content=\"\u00dcber uns - Bartel Legal\" \/>\n\t\t<meta name=\"twitter:image\" content=\"https:\/\/bartel.legal\/wp-content\/uploads\/2025\/02\/Bartel-Logo.png\" \/>\n\t\t<script type=\"application\/ld+json\" class=\"aioseo-schema\">\n\t\t\t{\"@context\":\"https:\\\/\\\/schema.org\",\"@graph\":[{\"@type\":\"BreadcrumbList\",\"@id\":\"https:\\\/\\\/bartel.legal\\\/en\\\/ueber-uns\\\/#breadcrumblist\",\"itemListElement\":[{\"@type\":\"ListItem\",\"@id\":\"https:\\\/\\\/bartel.legal\\\/en#listItem\",\"position\":1,\"name\":\"Home\",\"item\":\"https:\\\/\\\/bartel.legal\\\/en\",\"nextItem\":{\"@type\":\"ListItem\",\"@id\":\"https:\\\/\\\/bartel.legal\\\/en\\\/ueber-uns\\\/#listItem\",\"name\":\"&#220;ber uns\"}},{\"@type\":\"ListItem\",\"@id\":\"https:\\\/\\\/bartel.legal\\\/en\\\/ueber-uns\\\/#listItem\",\"position\":2,\"name\":\"&#220;ber uns\",\"previousItem\":{\"@type\":\"ListItem\",\"@id\":\"https:\\\/\\\/bartel.legal\\\/en#listItem\",\"name\":\"Home\"}}]},{\"@type\":\"Organization\",\"@id\":\"https:\\\/\\\/bartel.legal\\\/en\\\/#organization\",\"name\":\"Bartel Legal\",\"url\":\"https:\\\/\\\/bartel.legal\\\/en\\\/\",\"telephone\":\"+4980526779973\",\"logo\":{\"@type\":\"ImageObject\",\"url\":\"https:\\\/\\\/bartel.legal\\\/wp-content\\\/uploads\\\/2025\\\/02\\\/Bartel-Logo.png\",\"@id\":\"https:\\\/\\\/bartel.legal\\\/en\\\/ueber-uns\\\/#organizationLogo\",\"width\":160,\"height\":210},\"image\":{\"@id\":\"https:\\\/\\\/bartel.legal\\\/en\\\/ueber-uns\\\/#organizationLogo\"},\"sameAs\":[\"https:\\\/\\\/www.linkedin.com\\\/company\\\/bartel-legal\\\/\"]},{\"@type\":\"WebPage\",\"@id\":\"https:\\\/\\\/bartel.legal\\\/en\\\/ueber-uns\\\/#webpage\",\"url\":\"https:\\\/\\\/bartel.legal\\\/en\\\/ueber-uns\\\/\",\"name\":\"\\u00dcber uns - Bartel Legal\",\"inLanguage\":\"en-US\",\"isPartOf\":{\"@id\":\"https:\\\/\\\/bartel.legal\\\/en\\\/#website\"},\"breadcrumb\":{\"@id\":\"https:\\\/\\\/bartel.legal\\\/en\\\/ueber-uns\\\/#breadcrumblist\"},\"image\":{\"@type\":\"ImageObject\",\"url\":\"https:\\\/\\\/bartel.legal\\\/wp-content\\\/uploads\\\/2025\\\/02\\\/Personenketten_Verbundenheit-Mobile.jpg\",\"@id\":\"https:\\\/\\\/bartel.legal\\\/en\\\/ueber-uns\\\/#mainImage\",\"width\":2500,\"height\":1667,\"caption\":\"View of a crowd with a network of connections. Big data, smart city, wifi concept\"},\"primaryImageOfPage\":{\"@id\":\"https:\\\/\\\/bartel.legal\\\/en\\\/ueber-uns\\\/#mainImage\"},\"datePublished\":\"0001-01-01T00:53:28+00:53\",\"dateModified\":\"2026-01-26T17:32:40+01:00\"},{\"@type\":\"WebSite\",\"@id\":\"https:\\\/\\\/bartel.legal\\\/en\\\/#website\",\"url\":\"https:\\\/\\\/bartel.legal\\\/en\\\/\",\"name\":\"Bartel Legal\",\"inLanguage\":\"en-US\",\"publisher\":{\"@id\":\"https:\\\/\\\/bartel.legal\\\/en\\\/#organization\"}}]}\n\t\t<\/script>\n\t\t<!-- All in One SEO Pro -->\r\n\t\t<title>\u00dcber uns - Bartel Legal<\/title>\n\n","aioseo_head_json":{"title":"\u00dcber uns - Bartel Legal","description":"","canonical_url":"https:\/\/bartel.legal\/en\/ueber-uns\/","robots":"max-image-preview:large","keywords":"","webmasterTools":{"miscellaneous":""},"schema":{"@context":"https:\/\/schema.org","@graph":[{"@type":"BreadcrumbList","@id":"https:\/\/bartel.legal\/en\/ueber-uns\/#breadcrumblist","itemListElement":[{"@type":"ListItem","@id":"https:\/\/bartel.legal\/en#listItem","position":1,"name":"Home","item":"https:\/\/bartel.legal\/en","nextItem":{"@type":"ListItem","@id":"https:\/\/bartel.legal\/en\/ueber-uns\/#listItem","name":"&#220;ber uns"}},{"@type":"ListItem","@id":"https:\/\/bartel.legal\/en\/ueber-uns\/#listItem","position":2,"name":"&#220;ber uns","previousItem":{"@type":"ListItem","@id":"https:\/\/bartel.legal\/en#listItem","name":"Home"}}]},{"@type":"Organization","@id":"https:\/\/bartel.legal\/en\/#organization","name":"Bartel Legal","url":"https:\/\/bartel.legal\/en\/","telephone":"+4980526779973","logo":{"@type":"ImageObject","url":"https:\/\/bartel.legal\/wp-content\/uploads\/2025\/02\/Bartel-Logo.png","@id":"https:\/\/bartel.legal\/en\/ueber-uns\/#organizationLogo","width":160,"height":210},"image":{"@id":"https:\/\/bartel.legal\/en\/ueber-uns\/#organizationLogo"},"sameAs":["https:\/\/www.linkedin.com\/company\/bartel-legal\/"]},{"@type":"WebPage","@id":"https:\/\/bartel.legal\/en\/ueber-uns\/#webpage","url":"https:\/\/bartel.legal\/en\/ueber-uns\/","name":"\u00dcber uns - Bartel Legal","inLanguage":"en-US","isPartOf":{"@id":"https:\/\/bartel.legal\/en\/#website"},"breadcrumb":{"@id":"https:\/\/bartel.legal\/en\/ueber-uns\/#breadcrumblist"},"image":{"@type":"ImageObject","url":"https:\/\/bartel.legal\/wp-content\/uploads\/2025\/02\/Personenketten_Verbundenheit-Mobile.jpg","@id":"https:\/\/bartel.legal\/en\/ueber-uns\/#mainImage","width":2500,"height":1667,"caption":"View of a crowd with a network of connections. Big data, smart city, wifi concept"},"primaryImageOfPage":{"@id":"https:\/\/bartel.legal\/en\/ueber-uns\/#mainImage"},"datePublished":"0001-01-01T00:53:28+00:53","dateModified":"2026-01-26T17:32:40+01:00"},{"@type":"WebSite","@id":"https:\/\/bartel.legal\/en\/#website","url":"https:\/\/bartel.legal\/en\/","name":"Bartel Legal","inLanguage":"en-US","publisher":{"@id":"https:\/\/bartel.legal\/en\/#organization"}}]},"og:locale":"en_US","og:site_name":"Bartel Legal -","og:type":"article","og:title":"\u00dcber uns - Bartel Legal","og:url":"https:\/\/bartel.legal\/en\/ueber-uns\/","og:image":"https:\/\/bartel.legal\/wp-content\/uploads\/2025\/02\/Bartel-Logo.png","og:image:secure_url":"https:\/\/bartel.legal\/wp-content\/uploads\/2025\/02\/Bartel-Logo.png","og:image:width":160,"og:image:height":210,"article:published_time":"0001-01-01T00:00:00+00:00","article:modified_time":"2026-01-26T16:32:40+00:00","twitter:card":"summary_large_image","twitter:title":"\u00dcber uns - Bartel Legal","twitter:image":"https:\/\/bartel.legal\/wp-content\/uploads\/2025\/02\/Bartel-Logo.png"},"aioseo_meta_data":{"post_id":"526","title":null,"description":null,"keywords":null,"keyphrases":null,"primary_term":null,"canonical_url":null,"og_title":null,"og_description":null,"og_object_type":"default","og_image_type":"default","og_image_url":null,"og_image_width":null,"og_image_height":null,"og_image_custom_url":null,"og_image_custom_fields":null,"og_video":null,"og_custom_url":null,"og_article_section":null,"og_article_tags":null,"twitter_use_og":false,"twitter_card":"default","twitter_image_type":"default","twitter_image_url":null,"twitter_image_custom_url":null,"twitter_image_custom_fields":null,"twitter_title":null,"twitter_description":null,"schema":{"blockGraphs":[],"customGraphs":[],"default":{"data":{"Article":[],"Course":[],"Dataset":[],"FAQPage":[],"Movie":[],"Person":[],"Product":[],"ProductReview":[],"Car":[],"Recipe":[],"Service":[],"SoftwareApplication":[],"WebPage":[]},"graphName":"","isEnabled":true},"graphs":[]},"schema_type":"default","schema_type_options":null,"pillar_content":false,"robots_default":true,"robots_noindex":false,"robots_noarchive":false,"robots_nosnippet":false,"robots_nofollow":false,"robots_noimageindex":false,"robots_noodp":false,"robots_notranslate":false,"robots_max_snippet":null,"robots_max_videopreview":null,"robots_max_imagepreview":"large","priority":null,"frequency":null,"local_seo":null,"seo_analyzer_scan_date":"2026-01-26 21:40:09","breadcrumb_settings":null,"limit_modified_date":false,"reviewed_by":null,"open_ai":null,"ai":null,"created":"2025-02-28 17:17:12","updated":"2026-01-26 21:40:09"},"aioseo_breadcrumb":"<div class=\"aioseo-breadcrumbs\"><span class=\"aioseo-breadcrumb\">\n\t<a href=\"https:\/\/bartel.legal\/en\" title=\"Home\">Home<\/a>\n<\/span><span class=\"aioseo-breadcrumb-separator\">&raquo;<\/span><span class=\"aioseo-breadcrumb\">\n\t\u00dcber uns\n<\/span><\/div>","aioseo_breadcrumb_json":[{"label":"Home","link":"https:\/\/bartel.legal\/en"},{"label":"&#220;ber uns","link":"https:\/\/bartel.legal\/en\/ueber-uns\/"}],"_links":{"self":[{"href":"https:\/\/bartel.legal\/en\/wp-json\/wp\/v2\/pages\/526","targetHints":{"allow":["GET"]}}],"collection":[{"href":"https:\/\/bartel.legal\/en\/wp-json\/wp\/v2\/pages"}],"about":[{"href":"https:\/\/bartel.legal\/en\/wp-json\/wp\/v2\/types\/page"}],"author":[{"embeddable":true,"href":"https:\/\/bartel.legal\/en\/wp-json\/wp\/v2\/users\/1"}],"replies":[{"embeddable":true,"href":"https:\/\/bartel.legal\/en\/wp-json\/wp\/v2\/comments?post=526"}],"version-history":[{"count":1,"href":"https:\/\/bartel.legal\/en\/wp-json\/wp\/v2\/pages\/526\/revisions"}],"predecessor-version":[{"id":88276,"href":"https:\/\/bartel.legal\/en\/wp-json\/wp\/v2\/pages\/526\/revisions\/88276"}],"wp:featuredmedia":[{"embeddable":true,"href":"https:\/\/bartel.legal\/en\/wp-json\/wp\/v2\/media\/387"}],"wp:attachment":[{"href":"https:\/\/bartel.legal\/en\/wp-json\/wp\/v2\/media?parent=526"}],"curies":[{"name":"wp","href":"https:\/\/api.w.org\/{rel}","templated":true}]}}